{"id":3327,"date":"2015-11-02T08:50:15","date_gmt":"2015-11-02T08:50:15","guid":{"rendered":"http:\/\/www.svarstis.lt\/?page_id=3327"},"modified":"2026-03-24T20:57:58","modified_gmt":"2026-03-24T20:57:58","slug":"dokumentai","status":"publish","type":"page","link":"https:\/\/www.svarstis.lt\/?page_id=3327","title":{"rendered":"Dokumentai"},"content":{"rendered":"<p>\n\t\t\t<div class=\"wpb_accordion_section group\">\n\t\t\t\t<h3 class=\"ui-accordion-header\"><a href=\"#\">Bendrieji dokumentai<\/a><\/h3>\n\t\t\t\t<div class=\"ui-accordion-content\">\n\t\t\t\t <div class=\"row-fluid\">\n\t<div class=\"wpb_content_element span12 wpb_text_column\">\n\t\t<div class=\"wpb_wrapper\">\n\t\t\t\n<table>\n<tbody>\n<tr>\n<td width=\"603\">Lietuvos svars\u010di\u0173 kilnojimo federacijos \u012fstatai<\/td>\n<td width=\"54\"><strong><a href=\"https:\/\/www.svarstis.lt\/wp-content\/uploads\/2021\/05\/LSKF_istatai.pdf\">PDF<\/a><\/strong><\/td>\n<\/tr>\n<tr>\n<td width=\"603\">Teis\u0117j\u0173 kvalifikacini\u0173 kategorij\u0173 suteikimo nuostatai<\/td>\n<td width=\"54\"><strong><a href=\"http:\/\/www.svarstis.lt\/www\/archyvas\/teiseju_kategoriju_suteikimo_nuostatai.pdf\">PDF<\/a><\/strong><\/td>\n<\/tr>\n<tr>\n<td width=\"603\">LSKF svars\u010di\u0173 kilnojimo var\u017eyb\u0173 saugos taisykl\u0117s<\/td>\n<td width=\"54\"><strong><a href=\"http:\/\/www.svarstis.lt\/wp-content\/uploads\/2020\/12\/LSKF-saugus-sportas.pdf\">PDF<\/a><\/strong><\/td>\n<\/tr>\n<tr>\n<td width=\"603\">LSKF etikos kodeksas<\/td>\n<td width=\"54\"><strong><a href=\"http:\/\/www.svarstis.lt\/wp-content\/uploads\/2020\/12\/LSKF-Etikos-Kodeksas.pdf\">PDF<\/a><\/strong><\/td>\n<\/tr>\n<tr>\n<td width=\"603\">LSKF naryst\u0117s IUKL pa\u017eym\u0117jimas<\/td>\n<td width=\"54\"><strong><a href=\"http:\/\/www.svarstis.lt\/www\/archyvas\/iukl.pdf\">PDF<\/a><\/strong><\/td>\n<\/tr>\n<tr>\n<td width=\"603\">LSKF var\u017eyb\u0173 vykdymo taisykl\u0117s<\/td>\n<td width=\"54\"><strong><a href=\"http:\/\/www.svarstis.lt\/wp-content\/uploads\/2020\/12\/Varzybu_vykdymas_taisykles.pdf\">PDF<\/a><\/strong><\/td>\n<\/tr>\n<tr>\n<td width=\"603\">LSKF var\u017eyb\u0173 vykdymo taisykli\u0173 1 priedas (Sportinink\u0173 apranga)<\/td>\n<td width=\"54\"><strong><a href=\"http:\/\/www.svarstis.lt\/wp-content\/uploads\/2020\/12\/1-priedas.-Sportinink\u0173-apranga.pdf\">PDF<\/a><\/strong><\/td>\n<\/tr>\n<tr>\n<td width=\"603\">St\u016bmimo ir rovimo veiksm\u0173 bei estafet\u0117s rungties atlikimo taisykl\u0117s<\/td>\n<td width=\"54\"><strong><a href=\"http:\/\/www.svarstis.lt\/wp-content\/uploads\/2020\/12\/Stumimo_Rovimo_Estafetes_rungtys.pdf\">PDF<\/a><\/strong><\/td>\n<\/tr>\n<tr>\n<td width=\"603\">Pra\u0161ymo \u012fstoti \u012f LSKF forma<\/td>\n<td width=\"54\"><strong><a href=\"http:\/\/www.svarstis.lt\/www\/archyvas\/Protokolai\/2021\/Prasymas-del-stojimo-i-asociacija.pdf\">PDF<\/a><\/strong><\/td>\n<\/tr>\n<\/tbody>\n<\/table>\n\n\t\t<\/div> \n\t<\/div> <\/div> \n\t\t\t\t<\/div>\n\t\t\t<\/div> \n \n\t\t\t<div class=\"wpb_accordion_section group\">\n\t\t\t\t<h3 class=\"ui-accordion-header\"><a href=\"#\">Sportinis meistri\u0161kumas<\/a><\/h3>\n\t\t\t\t<div class=\"ui-accordion-content\">\n\t\t\t\t <div class=\"row-fluid\">\n\t<div class=\"wpb_content_element span12 wpb_text_column\">\n\t\t<div class=\"wpb_wrapper\">\n\t\t\t\n<table>\n<tbody>\n<tr>\n<td width=\"603\">LSKF 2026 m. auk\u0161to meistri\u0161kumo sporto programa<\/td>\n<td width=\"54\"><strong><a href=\"https:\/\/www.svarstis.lt\/wp-content\/uploads\/2026\/03\/Auksto_meistriskumo_programa_2026.pdf\">PDF<\/a><\/strong><\/td>\n<\/tr>\n<tr>\n<td width=\"603\">LSKF 2026\u20132029 m. strateginis planas<\/td>\n<td width=\"54\"><strong><a href=\"https:\/\/www.svarstis.lt\/wp-content\/uploads\/2026\/03\/Strateginis_Planas_2026-2029.pdf\">PDF<\/a><\/strong><\/td>\n<\/tr>\n<tr>\n<td width=\"603\">LSKF 2026 m. veiklos planas<\/td>\n<td width=\"54\"><strong><a href=\"https:\/\/www.svarstis.lt\/wp-content\/uploads\/2026\/03\/LSKF_Veiklos_panas_2026.pdf\">PDF<\/a><\/strong><\/td>\n<\/tr>\n<tr>\n<td width=\"603\">LSKF 2026 m. biud\u017eetas<\/td>\n<td width=\"54\"><strong><a href=\"https:\/\/www.svarstis.lt\/wp-content\/uploads\/2026\/03\/LSKF_Biudzetas_2026.pdf\">PDF<\/a><\/strong><\/td>\n<\/tr>\n<tr>\n<td width=\"603\">Lietuvos svars\u010di\u0173 kilnojimo rekord\u0173 registravimo nuostatai<\/td>\n<td width=\"54\"><strong><a href=\"https:\/\/www.svarstis.lt\/wp-content\/uploads\/2022\/12\/Lietuvos-rekordu-registravimo-nuostatai-2022.pdf\">PDF<\/a><\/strong><\/td>\n<\/tr>\n<tr>\n<td width=\"603\">LSKF sportinio meistri\u0161kumo kvalifikaciniai laipsniai ir normos<\/td>\n<td width=\"54\"><strong><a href=\"https:\/\/www.svarstis.lt\/wp-content\/uploads\/2022\/12\/Sportinio-meistriskumo-normos-2022.pdf\">PDF<\/a><\/strong><\/td>\n<\/tr>\n<tr>\n<td width=\"603\">LSKF sportinio meistri\u0161kumo kvalifikacini\u0173 laipsni\u0173 norm\u0173 \u012fvykdymo nuostatai<\/td>\n<td width=\"54\"><strong><a href=\"https:\/\/www.svarstis.lt\/wp-content\/uploads\/2022\/12\/Sportinio-meistriskumo-kvalifikaciniai-laipsniu-normu-ivykdymo-nuostatai-2022.pdf\">PDF<\/a><\/strong><\/td>\n<\/tr>\n<tr>\n<td width=\"603\">Pra\u0161ymo suteikti sportinio meistri\u0161kumo kvalifikacin\u012f laipsn\u012f forma<\/td>\n<td width=\"54\"><a href=\"https:\/\/www.svarstis.lt\/wp-content\/uploads\/2023\/01\/prasymas_suteikti_sportinio_meistriskumo_kvalifikacini_laipsni.pdf\" target=\"_blank\" rel=\"noopener\"><strong>PDF<\/strong><\/a><\/td>\n<\/tr>\n<tr>\n<td width=\"603\">IUKL sportinio meistri\u0161kumo normatyvai<\/td>\n<td width=\"54\"><strong><a href=\"http:\/\/www.svarstis.lt\/www\/archyvas\/TSKS_normatyvai_sportininkams.pdf\">PDF<\/a><\/strong><\/td>\n<\/tr>\n<\/tbody>\n<\/table>\n\n\t\t<\/div> \n\t<\/div> <\/div> \n\t\t\t\t<\/div>\n\t\t\t<\/div> \n \n\t\t\t<div class=\"wpb_accordion_section group\">\n\t\t\t\t<h3 class=\"ui-accordion-header\"><a href=\"#\">Antidopingas ir dopingo kontrol\u0117<\/a><\/h3>\n\t\t\t\t<div class=\"ui-accordion-content\">\n\t\t\t\t <div class=\"row-fluid\">\n\t<div class=\"wpb_content_element span12 wpb_text_column\">\n\t\t<div class=\"wpb_wrapper\">\n\t\t\t\n<table>\n<tbody>\n<tr>\n<td width=\"603\">IUKL patvirtintos Antidopingo taisykl\u0117s<\/td>\n<td width=\"54\"><strong><a href=\"http:\/\/www.svarstis.lt\/www\/archyvas\/IUKL_AntiDoping_Rules_2015.pdf\">PDF<\/a><\/strong><\/td>\n<\/tr>\n<tr>\n<td width=\"603\">Lietuvos antidopingo agent\u016bros informacija<\/td>\n<td width=\"54\"><strong><a href=\"http:\/\/antidopingas.lt\">web<\/a><\/strong><\/td>\n<\/tr>\n<\/tbody>\n<\/table>\n\n\t\t<\/div> \n\t<\/div> <\/div> \n\t\t\t\t<\/div>\n\t\t\t<\/div> \n \n\t\t\t<div class=\"wpb_accordion_section group\">\n\t\t\t\t<h3 class=\"ui-accordion-header\"><a href=\"#\">Lietuvos svars\u010di\u0173 kilnojimo rinktin\u0117s<\/a><\/h3>\n\t\t\t\t<div class=\"ui-accordion-content\">\n\t\t\t\t <div class=\"row-fluid\">\n\t<div class=\"wpb_content_element span12 wpb_text_column\">\n\t\t<div class=\"wpb_wrapper\">\n\t\t\t\n<table>\n<tbody>\n<tr>\n<td width=\"603\">2021 m. Lietuvos rinktin\u0117<\/td>\n<td width=\"54\"><strong><a href=\"https:\/\/www.svarstis.lt\/wp-content\/uploads\/2021\/05\/Rinktine_2021.pdf\">PDF<\/a><\/strong><\/td>\n<\/tr>\n<tr>\n<td width=\"603\">2020 m. Lietuvos rinktin\u0117<\/td>\n<td width=\"54\"><strong><a href=\"http:\/\/www.svarstis.lt\/wp-content\/uploads\/2021\/01\/Rinktin\u0117_2020.pdf\">PDF<\/a><\/strong><\/td>\n<\/tr>\n<tr>\n<td width=\"603\">2019 m. Lietuvos rinktin\u0117<\/td>\n<td width=\"54\"><strong><a href=\"http:\/\/www.svarstis.lt\/wp-content\/uploads\/2021\/01\/Rinktin\u0117_2019.pdf\">PDF<\/a><\/strong><\/td>\n<\/tr>\n<tr>\n<td width=\"603\">2018 m. Lietuvos rinktin\u0117<\/td>\n<td width=\"54\"><strong><a href=\"http:\/\/www.svarstis.lt\/wp-content\/uploads\/2021\/01\/Rinktin\u0117_2018.pdf\">PDF<\/a><\/strong><\/td>\n<\/tr>\n<tr>\n<td width=\"603\">2017 m. Lietuvos rinktin\u0117<\/td>\n<td width=\"54\"><strong><a href=\"http:\/\/www.svarstis.lt\/wp-content\/uploads\/2021\/01\/Rinktin\u0117_2017.pdf\">PDF<\/a><\/strong><\/td>\n<\/tr>\n<tr>\n<td width=\"603\">2016 m. Lietuvos rinktin\u0117<\/td>\n<td width=\"54\"><strong><a href=\"http:\/\/www.svarstis.lt\/wp-content\/uploads\/2021\/01\/Rinktin\u0117_2016.pdf\">PDF<\/a><\/strong><\/td>\n<\/tr>\n<tr>\n<td width=\"603\">2015 m. Lietuvos rinktin\u0117<\/td>\n<td width=\"54\"><strong><a href=\"http:\/\/www.svarstis.lt\/www\/archyvas\/rinktines\/2015_lskf_rinktine.pdf\">PDF<\/a><\/strong><\/td>\n<\/tr>\n<tr>\n<td width=\"603\">2014 m. Lietuvos rinktin\u0117<\/td>\n<td width=\"54\"><strong><a href=\"http:\/\/www.svarstis.lt\/www\/archyvas\/rinktines\/2014_LSKF_rinktine.pdf\">PDF<\/a><\/strong><\/td>\n<\/tr>\n<tr>\n<td width=\"603\">2013 m. Lietuvos rinktin\u0117<\/td>\n<td width=\"54\"><strong><a href=\"http:\/\/www.svarstis.lt\/www\/archyvas\/rinktines\/2013_LSKF_rinktines.pdf\">PDF<\/a><\/strong><\/td>\n<\/tr>\n<tr>\n<td width=\"603\">2012 m. Lietuvos rinktin\u0117<\/td>\n<td width=\"54\"><strong><a href=\"http:\/\/www.svarstis.lt\/www\/archyvas\/rinktines\/2012_LSKF_rinktines.pdf\">PDF<\/a><\/strong><\/td>\n<\/tr>\n<\/tbody>\n<\/table>\n\n\t\t<\/div> \n\t<\/div> <\/div> \n\t\t\t\t<\/div>\n\t\t\t<\/div> \n \n\t\t\t<div class=\"wpb_accordion_section group\">\n\t\t\t\t<h3 class=\"ui-accordion-header\"><a href=\"#\">LSKF valdybos pos\u0117d\u017eiai<\/a><\/h3>\n\t\t\t\t<div class=\"ui-accordion-content\">\n\t\t\t\t <div class=\"row-fluid\">\n\t<div class=\"wpb_content_element span12 wpb_text_column\">\n\t\t<div class=\"wpb_wrapper\">\n\t\t\t\n<table>\n<tbody>\n<tr>\n<td width=\"603\">2024 m. kovo 2 d. LSKF visuotinio nari\u0173 susirinkimo konferencijos protokolas<\/td>\n<td width=\"54\"><strong><a href=\"https:\/\/www.svarstis.lt\/wp-content\/uploads\/2024\/04\/1.-2024-03-02-konferencijos-posedzio-protokolas.pdf\">PDF<\/a><\/strong><\/td>\n<\/tr>\n<tr>\n<td width=\"603\">\u2014 Nutarimas &#8211; Darbotvark\u0117<\/td>\n<td width=\"54\"><strong><a href=\"https:\/\/www.svarstis.lt\/wp-content\/uploads\/2024\/04\/2.-Nutarimas-Darbotvarke-2024.pdf\">PDF<\/a><\/strong><\/td>\n<\/tr>\n<tr>\n<td width=\"603\">\u2014 Nutarimas &#8211; 2023 m. LSKF ataskaita<\/td>\n<td width=\"54\"><strong><a href=\"https:\/\/www.svarstis.lt\/wp-content\/uploads\/2024\/04\/3.-Nutarimas-2023-m.-LSKF-ataskaita.pdf\">PDF<\/a><\/strong><\/td>\n<\/tr>\n<tr>\n<td width=\"603\">\u2014 Nutarimas &#8211; Prezidentas ataskaita 2020-2023 m.<\/td>\n<td width=\"54\"><strong><a href=\"https:\/\/www.svarstis.lt\/wp-content\/uploads\/2024\/04\/4.-Nutarimas-Prezidentas-ataskaita-2020-2023-m.pdf\">PDF<\/a><\/strong><\/td>\n<\/tr>\n<tr>\n<td width=\"603\">\u2014 Nutarimas &#8211; Revizoriaus ataskaita<\/td>\n<td width=\"54\"><strong><a href=\"https:\/\/www.svarstis.lt\/wp-content\/uploads\/2024\/04\/5.-Nutarimas-Revizoriaus-ataskaita.pdf\">PDF<\/a><\/strong><\/td>\n<\/tr>\n<tr>\n<td width=\"603\">\u2014 Nutarimas &#8211; Prezidento skyrimas 2024 m.<\/td>\n<td width=\"54\"><strong><a href=\"https:\/\/www.svarstis.lt\/wp-content\/uploads\/2024\/04\/6.-Nutarimas-Prezidento-skyrimas-2024-m.pdf\">PDF<\/a><\/strong><\/td>\n<\/tr>\n<tr>\n<td width=\"603\">\u2014 Nutarimas &#8211; Valdybos skyrimas 2024 m.<\/td>\n<td width=\"54\"><strong><a href=\"https:\/\/www.svarstis.lt\/wp-content\/uploads\/2024\/04\/7.-Nutarimas-Valdybos-skyrimas-2024-m.pdf\">PDF<\/a><\/strong><\/td>\n<\/tr>\n<tr>\n<td width=\"603\">\u2014 Nutarimas &#8211; Revizoriaus skyrimas<\/td>\n<td width=\"54\"><strong><a href=\"https:\/\/www.svarstis.lt\/wp-content\/uploads\/2024\/04\/8.-Nutarimas-Revizoriaus-skyrimas.pdf\">PDF<\/a><\/strong><\/td>\n<\/tr>\n<tr>\n<td width=\"603\">\u2014 LSKF nari\u0173 s\u0105ra\u0161as 2024 m.<\/td>\n<td width=\"54\"><strong><a href=\"https:\/\/www.svarstis.lt\/wp-content\/uploads\/2024\/04\/9.-LSKF-nariu-sarasas-2024-m.pdf\">PDF<\/a><\/strong><\/td>\n<\/tr>\n<tr>\n<td width=\"603\">\u2014 Nutarimas &#8211; LSKF nariai 2024 m.<\/td>\n<td width=\"54\"><strong><a href=\"https:\/\/www.svarstis.lt\/wp-content\/uploads\/2024\/04\/10.-Nutarimas-LSKF-nariai-2024-m.pdf\">PDF<\/a><\/strong><\/td>\n<\/tr>\n<tr>\n<td width=\"603\">2022 m. lapkri\u010dio 19 d. LSKF valdybos pos\u0117d\u017eio protokolas<\/td>\n<td width=\"54\"><strong><a href=\"https:\/\/www.svarstis.lt\/wp-content\/uploads\/2022\/12\/Posedzio-protokolas-2022-11-19-Nr.-02.pdf\">PDF<\/a><\/strong><\/td>\n<\/tr>\n<tr>\n<td width=\"603\">2022 m. kovo 5 d. LSKF valdybos pos\u0117d\u017eio protokolas<\/td>\n<td width=\"54\"><strong><a href=\"https:\/\/www.svarstis.lt\/wp-content\/uploads\/2022\/03\/2022-03-05_Valdybos_posedzio-protokolas.pdf\">PDF<\/a><\/strong><\/td>\n<\/tr>\n<tr>\n<td width=\"603\">\u2014 2022 m. kovo 5 d. LSKF auk\u0161to meistri\u0161kumo programa (2022 m.)<\/td>\n<td width=\"54\"><strong><a href=\"https:\/\/www.svarstis.lt\/wp-content\/uploads\/2022\/03\/Auksto_meistriskumo_programa_2022.pdf\">PDF<\/a><\/strong><\/td>\n<\/tr>\n<tr>\n<td width=\"603\">\u2014 2022 m. kovo 5 d. LSKF 2022 m. biud\u017eetas<\/td>\n<td width=\"54\"><strong><a href=\"https:\/\/www.svarstis.lt\/wp-content\/uploads\/2022\/03\/LSKF_Biudzetas_2022.pdf\">PDF<\/a><\/strong><\/td>\n<\/tr>\n<tr>\n<td width=\"603\">\u2014 2022 m. kovo 5 d. LSKF 2022 m. veiklos planas<\/td>\n<td width=\"54\"><strong><a href=\"https:\/\/www.svarstis.lt\/wp-content\/uploads\/2022\/03\/LSKF_Veiklos_panas_2022.pdf\">PDF<\/a><\/strong><\/td>\n<\/tr>\n<tr>\n<td width=\"603\">2021 m. gruod\u017eio 27 d. LSKF valdybos pos\u0117d\u017eio protokolas<\/td>\n<td width=\"54\"><strong><a href=\"https:\/\/www.svarstis.lt\/www\/archyvas\/Protokolai\/2021\/2021-12-27_valdybos_prot.pdf\">PDF<\/a><\/strong><\/td>\n<\/tr>\n<tr>\n<td width=\"603\">\u2014 2021 m. gruod\u017eio 27 d. LSKF patvirtintas LSKF nari\u0173 s\u0105ra\u0161as<\/td>\n<td width=\"54\"><strong><a href=\"https:\/\/www.svarstis.lt\/www\/archyvas\/Protokolai\/2021\/LSKF_Nariai_2022.pdf\">PDF<\/a><\/strong><\/td>\n<\/tr>\n<tr>\n<td width=\"603\">\u2014 2021 m. gruod\u017eio 27 d. LSKF valdybos pos\u0117d\u017eio nutarimas d\u0117l LSKF nari\u0173 \u0161alinimo<\/td>\n<td width=\"54\"><strong><a href=\"https:\/\/www.svarstis.lt\/www\/archyvas\/Protokolai\/2021\/2021-12-27_nutarimas.pdf\">PDF<\/a><\/strong><\/td>\n<\/tr>\n<tr>\n<td width=\"603\">2021 m. vasario 25 d. LSKF valdybos pos\u0117d\u017eio protokolas<\/td>\n<td width=\"54\"><strong><a href=\"https:\/\/www.svarstis.lt\/wp-content\/uploads\/2021\/02\/2021-02-25_Protokolas.pdf\">PDF<\/a><\/strong><\/td>\n<\/tr>\n<tr>\n<td width=\"603\">\u2014 2021 m. vasario 25 d. LSKF patvirtintas LSKF nari\u0173 s\u0105ra\u0161as<\/td>\n<td width=\"54\"><strong><a href=\"https:\/\/www.svarstis.lt\/wp-content\/uploads\/2021\/02\/LSKF_Nariai_2021.pdf\">PDF<\/a><\/strong><\/td>\n<\/tr>\n<tr>\n<td width=\"603\">\u2014 2021 m. vasario 25 d. LSKF patvirtintos 2021 m. LSKF rinktin\u0117s<\/td>\n<td width=\"54\"><strong><a href=\"https:\/\/www.svarstis.lt\/wp-content\/uploads\/2021\/05\/Rinktine_2021.pdf\">PDF<\/a><\/strong><\/td>\n<\/tr>\n<tr>\n<td width=\"603\">2021 m. sausio 30 d. LSKF visuotinio nari\u0173 susirinkimo-konferencijos protokolas<\/td>\n<td width=\"54\"><strong><a href=\"https:\/\/www.svarstis.lt\/wp-content\/uploads\/2022\/03\/2021-01-30-konferencijos-posedzio-protokolas.pdf\">PDF<\/a><\/strong><\/td>\n<\/tr>\n<tr>\n<td width=\"603\">\u2014 LSKF Strateginis planas 2021-2025 m.<\/td>\n<td width=\"54\"><strong><a href=\"http:\/\/www.svarstis.lt\/www\/archyvas\/Protokolai\/2021\/Strateginis_Planas_2021-2025.pdf\">PDF<\/a><\/strong><\/td>\n<\/tr>\n<tr>\n<td width=\"603\">\u2014 LSKF veiklos planas 2021 m.<\/td>\n<td width=\"54\"><strong><a href=\"http:\/\/www.svarstis.lt\/www\/archyvas\/Protokolai\/2021\/LSKF_Veiklos_panas_2021.pdf\">PDF<\/a><\/strong><\/td>\n<\/tr>\n<tr>\n<td width=\"603\">\u2014 LSKF 2021 m. auk\u0161to meistri\u0161kumo sporto programa<\/td>\n<td width=\"54\"><strong><a href=\"http:\/\/www.svarstis.lt\/www\/archyvas\/Protokolai\/2021\/Auk\u0161to_meistri\u0161kumo_programa_2021.pdf\">PDF<\/a><\/strong><\/td>\n<\/tr>\n<tr>\n<td width=\"603\">\u2014 LSKF biud\u017eetas 2021 m.<\/td>\n<td width=\"54\"><strong><a href=\"http:\/\/www.svarstis.lt\/www\/archyvas\/Protokolai\/2021\/LSKF_Biud\u017eetas_2021.pdf\">PDF<\/a><\/strong><\/td>\n<\/tr>\n<tr>\n<td width=\"603\">\u2014 Nutarimas d\u0117l LSKF nario mokes\u010dio<\/td>\n<td width=\"54\"><strong><a href=\"http:\/\/www.svarstis.lt\/www\/archyvas\/Protokolai\/2021\/Nario mokestis.pdf\">PDF<\/a><\/strong><\/td>\n<\/tr>\n<tr>\n<td width=\"603\">\u2014 Nutarimas d\u0117l LSKF nari\u0173 \u0161alinimo<\/td>\n<td width=\"54\"><strong><a href=\"http:\/\/www.svarstis.lt\/www\/archyvas\/Protokolai\/2021\/Nutarimas del \u0161alinimo.pdf\">PDF<\/a><\/strong><\/td>\n<\/tr>\n<tr>\n<td width=\"603\">\u2014 Pra\u0161ymo \u012fstoti \u012f LSKF forma<\/td>\n<td width=\"54\"><strong><a href=\"http:\/\/www.svarstis.lt\/www\/archyvas\/Protokolai\/2021\/Prasymas-del-stojimo-i-asociacija.pdf\">PDF<\/a><\/strong><\/td>\n<\/tr>\n<tr>\n<td width=\"603\">\u2014 LSKF veiklos ataskaita u\u017e 2019 m.<\/td>\n<td width=\"54\"><strong><a href=\"https:\/\/www.svarstis.lt\/wp-content\/uploads\/2022\/03\/Metine-ataskaita_2019.pdf\">PDF<\/a><\/strong><\/td>\n<\/tr>\n<tr>\n<td width=\"603\">\u2014 LSKF veiklos ataskaita u\u017e 2020 m.<\/td>\n<td width=\"54\"><strong><a href=\"https:\/\/www.svarstis.lt\/wp-content\/uploads\/2022\/03\/Metine-ataskaita_2020.pdf\">PDF<\/a><\/strong><\/td>\n<\/tr>\n<tr>\n<td width=\"603\">\u2014 LSKF metin\u0117s finansin\u0117s atskaitomyb\u0117s u\u017e 2019 m. ai\u0161kinamasis ra\u0161tas<\/td>\n<td width=\"54\"><strong><a href=\"http:\/\/www.svarstis.lt\/www\/archyvas\/Protokolai\/2021\/Ai\u0161kinamasis_ra\u0161tas_LSKF_2019.pdf\">PDF<\/a><\/strong><\/td>\n<\/tr>\n<tr>\n<td width=\"603\">2020 m. gruod\u017eio 1 d. LSKF valdybos pos\u0117d\u017eio protokolas<\/td>\n<td width=\"54\"><strong><a href=\"http:\/\/www.svarstis.lt\/wp-content\/uploads\/2020\/12\/2020-12-01-LSKF-valdybos-pos\u0117d\u017eio-protokolas.pdf\">PDF<\/a><\/strong><\/td>\n<\/tr>\n<tr>\n<td width=\"603\">2020 m. vasario 29 d. LSKF visuotinio nari\u0173 susirinkimo-konferencijos protokolas<\/td>\n<td width=\"54\"><strong><a href=\"http:\/\/www.svarstis.lt\/wp-content\/uploads\/2020\/12\/Protokolas-2020-02-29.pdf\">PDF<\/a><\/strong><\/td>\n<\/tr>\n<tr>\n<td width=\"603\">2019 m. rugs\u0117jo 7 d. LSKF valdybos pos\u0117d\u017eio protokolas<\/td>\n<td width=\"54\"><strong><a href=\"http:\/\/www.svarstis.lt\/www\/archyvas\/LSKF_protokolas_2019.pdf\">PDF<\/a><\/strong><\/td>\n<\/tr>\n<\/tbody>\n<\/table>\n\n\t\t<\/div> \n\t<\/div> <\/div> \n\t\t\t\t<\/div>\n\t\t\t<\/div> \n [\/vc_accordion]<\/p>\n","protected":false},"excerpt":{"rendered":"<p>[\/vc_accordion]<\/p>\n","protected":false},"author":1,"featured_media":3281,"parent":0,"menu_order":0,"comment_status":"closed","ping_status":"closed","template":"","meta":[],"acf":[],"jetpack_shortlink":"https:\/\/wp.me\/P1N9Dt-RF","_links":{"self":[{"href":"https:\/\/www.svarstis.lt\/index.php?rest_route=\/wp\/v2\/pages\/3327"}],"collection":[{"href":"https:\/\/www.svarstis.lt\/index.php?rest_route=\/wp\/v2\/pages"}],"about":[{"href":"https:\/\/www.svarstis.lt\/index.php?rest_route=\/wp\/v2\/types\/page"}],"author":[{"embeddable":true,"href":"https:\/\/www.svarstis.lt\/index.php?rest_route=\/wp\/v2\/users\/1"}],"replies":[{"embeddable":true,"href":"https:\/\/www.svarstis.lt\/index.php?rest_route=%2Fwp%2Fv2%2Fcomments&post=3327"}],"version-history":[{"count":44,"href":"https:\/\/www.svarstis.lt\/index.php?rest_route=\/wp\/v2\/pages\/3327\/revisions"}],"predecessor-version":[{"id":5514,"href":"https:\/\/www.svarstis.lt\/index.php?rest_route=\/wp\/v2\/pages\/3327\/revisions\/5514"}],"wp:featuredmedia":[{"embeddable":true,"href":"https:\/\/www.svarstis.lt\/index.php?rest_route=\/wp\/v2\/media\/3281"}],"wp:attachment":[{"href":"https:\/\/www.svarstis.lt\/index.php?rest_route=%2Fwp%2Fv2%2Fmedia&parent=3327"}],"curies":[{"name":"wp","href":"https:\/\/api.w.org\/{rel}","templated":true}]}}