{"id":3658,"date":"2017-04-20T19:37:45","date_gmt":"2017-04-20T19:37:45","guid":{"rendered":"http:\/\/www.svarstis.lt\/?page_id=3658"},"modified":"2026-03-09T08:24:49","modified_gmt":"2026-03-09T08:24:49","slug":"prisidekite","status":"publish","type":"page","link":"https:\/\/www.svarstis.lt\/?page_id=3658","title":{"rendered":"Palaikykite svars\u010di\u0173 kilnojimo sport\u0105 \u2013 skirkite 1,2% GPM"},"content":{"rendered":"<p><strong>D\u017eiaugiam\u0117s, jog svarstote skirti savo 1,2 proc. 2025 m. sumok\u0117to gyventoj\u0173 pajam\u0173 mokes\u010dio svars\u010di\u0173 kilnojimo sporto populiarinimui Lietuvoje. J\u016bs\u0173 skirtos l\u0117\u0161os bus panaudotos Lietuvos \u010dempionat\u0173 organizavimo ir geriausi\u0173 sportinink\u0173 dalyvavimo Europos bei Pasaulio \u010dempionatuose i\u0161laidoms padengti.<br \/>\n<\/strong><\/p>\n<hr \/>\n<p><span style=\"color: #333399;\"><strong>Kaip skirti 1,2 proc. J\u016bs\u0173 2025 m. sumok\u0117to gyventoj\u0173 pajam\u0173 mokes\u010dio Lietuvos svars\u010di\u0173 kilnojimo federacijai?<\/strong><\/span><br \/>\n&#8211; Prisijunkite prie <a href=\"https:\/\/deklaravimas.vmi.lt\/Default.aspx\">VMI Elektronin\u0117s deklaravimo sistemos (EDS)<\/a>;<br \/>\n&#8211; 2026 m. kovo\u2013baland\u017eio m\u0117n. deklaruokite pajamas u\u017e 2025 m. u\u017epildydami metin\u0119 pajam\u0173 deklaracij\u0105;<br \/>\n&#8211; Pateik\u0119 metin\u0119 deklaracij\u0105 u\u017epildykite pra\u0161ym\u0105 pervesti 1,2 proc. GPM param\u0105 &#8211; pra\u0161ym\u0105 galite pildyti i\u0161kart pateik\u0119 metin\u0119 deklaracij\u0105 arba bet kuriuo metu iki deklaravimo termino pabaigos;<br \/>\nFormoje paramos gav\u0117ju pasirinkite Lietuvos svars\u010di\u0173 kilnojimo federacij\u0105 (\u012fmon\u0117s kodas &#8211; 191957787)<\/p>\n<hr \/>\n<p style=\"text-align: center;\"><span style=\"color: #000000;\"><strong>A\u010cI\u016a, J\u016bs\u0173 parama mums labai svarbi!<\/strong><\/span><\/p>\n","protected":false},"excerpt":{"rendered":"<p>D\u017eiaugiam\u0117s, jog svarstote skirti savo 1,2 proc. 2025 m. sumok\u0117to gyventoj\u0173 pajam\u0173 mokes\u010dio svars\u010di\u0173 kilnojimo sporto populiarinimui Lietuvoje. J\u016bs\u0173 skirtos l\u0117\u0161os bus panaudotos Lietuvos \u010dempionat\u0173 organizavimo ir geriausi\u0173 sportinink\u0173 dalyvavimo Europos bei Pasaulio \u010dempionatuose i\u0161laidoms padengti. Kaip skirti 1,2 proc. J\u016bs\u0173 2025 m. sumok\u0117to gyventoj\u0173 pajam\u0173 mokes\u010dio Lietuvos svars\u010di\u0173 kilnojimo federacijai? &#8211; Prisijunkite prie VMI [&hellip;]<\/p>\n","protected":false},"author":1,"featured_media":3976,"parent":0,"menu_order":0,"comment_status":"closed","ping_status":"closed","template":"","meta":[],"acf":[],"jetpack_shortlink":"https:\/\/wp.me\/P1N9Dt-X0","_links":{"self":[{"href":"https:\/\/www.svarstis.lt\/index.php?rest_route=\/wp\/v2\/pages\/3658"}],"collection":[{"href":"https:\/\/www.svarstis.lt\/index.php?rest_route=\/wp\/v2\/pages"}],"about":[{"href":"https:\/\/www.svarstis.lt\/index.php?rest_route=\/wp\/v2\/types\/page"}],"author":[{"embeddable":true,"href":"https:\/\/www.svarstis.lt\/index.php?rest_route=\/wp\/v2\/users\/1"}],"replies":[{"embeddable":true,"href":"https:\/\/www.svarstis.lt\/index.php?rest_route=%2Fwp%2Fv2%2Fcomments&post=3658"}],"version-history":[{"count":11,"href":"https:\/\/www.svarstis.lt\/index.php?rest_route=\/wp\/v2\/pages\/3658\/revisions"}],"predecessor-version":[{"id":5504,"href":"https:\/\/www.svarstis.lt\/index.php?rest_route=\/wp\/v2\/pages\/3658\/revisions\/5504"}],"wp:featuredmedia":[{"embeddable":true,"href":"https:\/\/www.svarstis.lt\/index.php?rest_route=\/wp\/v2\/media\/3976"}],"wp:attachment":[{"href":"https:\/\/www.svarstis.lt\/index.php?rest_route=%2Fwp%2Fv2%2Fmedia&parent=3658"}],"curies":[{"name":"wp","href":"https:\/\/api.w.org\/{rel}","templated":true}]}}