{"id":4073,"date":"2019-02-22T14:59:57","date_gmt":"2019-02-22T14:59:57","guid":{"rendered":"http:\/\/www.svarstis.lt\/?page_id=4073"},"modified":"2021-02-20T12:01:31","modified_gmt":"2021-02-20T12:01:31","slug":"kontaktai","status":"publish","type":"page","link":"https:\/\/www.svarstis.lt\/?page_id=4073","title":{"rendered":"Kontaktai"},"content":{"rendered":"<p><div class=\"wpb_separator wpb_content_element \"><\/div>\n <div class=\"row-fluid\">\n\t<div class=\"wpb_content_element span6 column_container\">\n\t\t<div class=\"wpb_wrapper\">\n\t\t\t <div class=\"vc_text_separator wpb_content_element separator_align_center \"><div>Susisiekite su mumis<\/div><\/div>\n <div class=\"row-fluid\">\n\t<div class=\"wpb_content_element span12 wpb_text_column\">\n\t\t<div class=\"wpb_wrapper\">\n\t\t\t\n<p><strong>Rolandas Kubilius, prezidentas<\/strong><br \/>\nTelefonas: +370 686 13175<br \/>\nEl. p.: rolandas.kubilius@svarstis.lt<\/p>\n\n\t\t<\/div> \n\t<\/div> <\/div> <div class=\"vc_text_separator wpb_content_element separator_align_center \"><div>Rekvizitai<\/div><\/div>\n <div class=\"row-fluid\">\n\t<div class=\"wpb_content_element span12 wpb_text_column\">\n\t\t<div class=\"wpb_wrapper\">\n\t\t\t\n<p><strong>Lietuvos svars\u010di\u0173 kilnojimo federacija<br \/>\n<\/strong>\u012em. kodas:191957787<br \/>\nAdresas: V. Kudirkos g. 24, LT-56126 Kai\u0161iadorys<br \/>\nTelefonas: +370 686 13175<br \/>\nEl. p.: rolandas.kubilius@svarstis.lt<br \/>\na\/s LT117044060002874495 SEB bankas<\/p>\n\n\t\t<\/div> \n\t<\/div> <\/div> \n\t\t<\/div> \n\t<\/div>  \n\t<div class=\"wpb_content_element span6 column_container\">\n\t\t<div class=\"wpb_wrapper\">\n\t\t\t <div class=\"row-fluid\">\n\t<div class=\"wpb_content_element span12 wpb_raw_html\">\n\t\t<div class=\"wpb_wrapper\">\n\t\t\t<iframe src=\"https:\/\/www.google.com\/maps\/embed?pb=!1m18!1m12!1m3!1d965.4506494520382!2d24.450915568277015!3d54.863569308008515!2m3!1f0!2f0!3f0!3m2!1i1024!2i768!4f13.1!3m3!1m2!1s0x46e76be604dd1691%3A0x38fe0cefdd0f8662!2sV.%20Kudirkos%20g.%2024%2C%20Kai%C5%A1iadorys%2056129!5e0!3m2!1slt!2slt!4v1613822364994!5m2!1slt!2slt\" width=\"400\" height=\"300\" style=\"border:0;\" allowfullscreen=\"\" loading=\"lazy\"><\/iframe>\n\t\t<\/div> \n\t<\/div> <\/div> \n\t\t<\/div> \n\t<\/div> <\/div>\n","protected":false},"excerpt":{"rendered":"Susisiekite su mumis Rolandas Kubilius, prezidentas Telefonas: +370 686 13175 El. p.: rolandas.kubilius@svarstis.lt Rekvizitai Lietuvos svars\u010di\u0173 kilnojimo federacija \u012em. kodas:191957787 Adresas: V. Kudirkos g. 24, LT-56126 Kai\u0161iadorys Telefonas: +370 686 13175 El. p.: rolandas.kubilius@svarstis.lt a\/s LT117044060002874495 SEB bankas","protected":false},"author":1,"featured_media":0,"parent":0,"menu_order":0,"comment_status":"closed","ping_status":"closed","template":"","meta":[],"acf":[],"jetpack_shortlink":"https:\/\/wp.me\/P1N9Dt-13H","_links":{"self":[{"href":"https:\/\/www.svarstis.lt\/index.php?rest_route=\/wp\/v2\/pages\/4073"}],"collection":[{"href":"https:\/\/www.svarstis.lt\/index.php?rest_route=\/wp\/v2\/pages"}],"about":[{"href":"https:\/\/www.svarstis.lt\/index.php?rest_route=\/wp\/v2\/types\/page"}],"author":[{"embeddable":true,"href":"https:\/\/www.svarstis.lt\/index.php?rest_route=\/wp\/v2\/users\/1"}],"replies":[{"embeddable":true,"href":"https:\/\/www.svarstis.lt\/index.php?rest_route=%2Fwp%2Fv2%2Fcomments&post=4073"}],"version-history":[{"count":16,"href":"https:\/\/www.svarstis.lt\/index.php?rest_route=\/wp\/v2\/pages\/4073\/revisions"}],"predecessor-version":[{"id":4603,"href":"https:\/\/www.svarstis.lt\/index.php?rest_route=\/wp\/v2\/pages\/4073\/revisions\/4603"}],"wp:attachment":[{"href":"https:\/\/www.svarstis.lt\/index.php?rest_route=%2Fwp%2Fv2%2Fmedia&parent=4073"}],"curies":[{"name":"wp","href":"https:\/\/api.w.org\/{rel}","templated":true}]}}